{"id":13,"date":"2020-05-13T13:31:38","date_gmt":"2020-05-13T13:31:38","guid":{"rendered":"https:\/\/uus.foodwin.eu\/?page_id=13"},"modified":"2020-06-10T20:42:50","modified_gmt":"2020-06-10T20:42:50","slug":"tuotteed","status":"publish","type":"page","link":"https:\/\/uus.foodwin.eu\/?page_id=13","title":{"rendered":"TUOTTEET"},"content":{"rendered":"\n<div class=\"wp-block-media-text alignwide has-media-on-the-right is-stacked-on-mobile is-vertically-aligned-center\" style=\"grid-template-columns:auto 46%\"><figure class=\"wp-block-media-text__media\"><a href=\"https:\/\/uus.foodwin.eu\/wp-content\/uploads\/2020\/06\/Vegetables-fruits-mushrooms-and-herbs..png\"><img loading=\"lazy\" decoding=\"async\" width=\"1000\" height=\"839\" src=\"https:\/\/uus.foodwin.eu\/wp-content\/uploads\/2020\/06\/Vegetables-fruits-mushrooms-and-herbs..png\" alt=\"\" class=\"wp-image-687\" srcset=\"https:\/\/uus.foodwin.eu\/wp-content\/uploads\/2020\/06\/Vegetables-fruits-mushrooms-and-herbs..png 1000w, https:\/\/uus.foodwin.eu\/wp-content\/uploads\/2020\/06\/Vegetables-fruits-mushrooms-and-herbs.-300x252.png 300w, https:\/\/uus.foodwin.eu\/wp-content\/uploads\/2020\/06\/Vegetables-fruits-mushrooms-and-herbs.-768x644.png 768w, https:\/\/uus.foodwin.eu\/wp-content\/uploads\/2020\/06\/Vegetables-fruits-mushrooms-and-herbs.-80x67.png 80w\" sizes=\"auto, (max-width: 1000px) 100vw, 1000px\" \/><\/a><\/figure><div class=\"wp-block-media-text__content\">\n<h4><a href=\"https:\/\/uus.foodwin.eu\/wp-content\/uploads\/2020\/06\/Vihannekset-hedelma\u0308t-yrtit-salaatit-ja-sienet.pdf\"><strong><span style=\"color: #000000;\">VIHANNEKSET, HEDELM\u00c4T, YRTIT, SALAATIT JA SIENET<br><\/span><\/strong><strong><span style=\"color: #0000ff;\">selaa t\u00e4st\u00e4<\/span><\/strong><\/a><\/h4>\n\n\n\n<p><\/p>\n<\/div><\/div>\n\n\n\n<div style=\"height:36px\" aria-hidden=\"true\" class=\"wp-block-spacer\"><\/div>\n\n\n\n<div class=\"wp-block-media-text alignwide has-media-on-the-right is-stacked-on-mobile is-vertically-aligned-center\" style=\"grid-template-columns:auto 46%\"><figure class=\"wp-block-media-text__media\"><a href=\"https:\/\/uus.foodwin.eu\/wp-content\/uploads\/2020\/06\/Kuoritut-juurekset-ja-sipulit.-Pilkotut-ja-raastettu-juurekset.png\"><img loading=\"lazy\" decoding=\"async\" width=\"1000\" height=\"839\" src=\"https:\/\/uus.foodwin.eu\/wp-content\/uploads\/2020\/06\/Kuoritut-juurekset-ja-sipulit.-Pilkotut-ja-raastettu-juurekset.png\" alt=\"\" class=\"wp-image-620\" srcset=\"https:\/\/uus.foodwin.eu\/wp-content\/uploads\/2020\/06\/Kuoritut-juurekset-ja-sipulit.-Pilkotut-ja-raastettu-juurekset.png 1000w, https:\/\/uus.foodwin.eu\/wp-content\/uploads\/2020\/06\/Kuoritut-juurekset-ja-sipulit.-Pilkotut-ja-raastettu-juurekset-300x252.png 300w, https:\/\/uus.foodwin.eu\/wp-content\/uploads\/2020\/06\/Kuoritut-juurekset-ja-sipulit.-Pilkotut-ja-raastettu-juurekset-768x644.png 768w, https:\/\/uus.foodwin.eu\/wp-content\/uploads\/2020\/06\/Kuoritut-juurekset-ja-sipulit.-Pilkotut-ja-raastettu-juurekset-80x67.png 80w\" sizes=\"auto, (max-width: 1000px) 100vw, 1000px\" \/><\/a><\/figure><div class=\"wp-block-media-text__content\">\n<h4><a href=\"https:\/\/uus.foodwin.eu\/wp-content\/uploads\/2020\/06\/Kuoritut-juurekset-ja-sipulit.-Pilkotut-ja-raastettu-juurekset.pdf\"><strong><span style=\"color: #000000;\">KUORITUT JUUREKSET JA SIPULIT. <\/span><\/strong><strong><span style=\"color: #000000;\">PILKOTUT JA RAASTETTU JUUREKSET<\/span><\/strong><\/a><br \/><a href=\"https:\/\/uus.foodwin.eu\/wp-content\/uploads\/2020\/06\/Kuoritut-juurekset-ja-sipulit.-Pilkotut-ja-raastettu-juurekset.pdf\"><span style=\"color: #0000ff;\"><strong>selaa t\u00e4st\u00e4<\/strong><\/span><\/a><\/h4>\n<h4>\u00a0<\/h4>\n<\/div><\/div>\n\n\n\n<div style=\"height:36px\" aria-hidden=\"true\" class=\"wp-block-spacer\"><\/div>\n\n\n\n<div class=\"wp-block-media-text alignwide has-media-on-the-right is-stacked-on-mobile is-vertically-aligned-center\" style=\"grid-template-columns:auto 45%\"><figure class=\"wp-block-media-text__media\"><a href=\"https:\/\/uus.foodwin.eu\/wp-content\/uploads\/2020\/06\/Kuivatavarat-pasta-sa\u0308ilykkeet-pa\u0308hkina\u0308t-siemenet-ja-o\u0308ljyt.png\"><img loading=\"lazy\" decoding=\"async\" width=\"1000\" height=\"836\" src=\"https:\/\/uus.foodwin.eu\/wp-content\/uploads\/2020\/06\/Kuivatavarat-pasta-sa\u0308ilykkeet-pa\u0308hkina\u0308t-siemenet-ja-o\u0308ljyt.png\" alt=\"\" class=\"wp-image-618\" srcset=\"https:\/\/uus.foodwin.eu\/wp-content\/uploads\/2020\/06\/Kuivatavarat-pasta-sa\u0308ilykkeet-pa\u0308hkina\u0308t-siemenet-ja-o\u0308ljyt.png 1000w, https:\/\/uus.foodwin.eu\/wp-content\/uploads\/2020\/06\/Kuivatavarat-pasta-sa\u0308ilykkeet-pa\u0308hkina\u0308t-siemenet-ja-o\u0308ljyt-300x251.png 300w, https:\/\/uus.foodwin.eu\/wp-content\/uploads\/2020\/06\/Kuivatavarat-pasta-sa\u0308ilykkeet-pa\u0308hkina\u0308t-siemenet-ja-o\u0308ljyt-768x642.png 768w, https:\/\/uus.foodwin.eu\/wp-content\/uploads\/2020\/06\/Kuivatavarat-pasta-sa\u0308ilykkeet-pa\u0308hkina\u0308t-siemenet-ja-o\u0308ljyt-80x67.png 80w\" sizes=\"auto, (max-width: 1000px) 100vw, 1000px\" \/><\/a><\/figure><div class=\"wp-block-media-text__content\">\n<h4><a href=\"https:\/\/uus.foodwin.eu\/wp-content\/uploads\/2020\/06\/Kuivatavarat-pasta-sa\u0308ilykkeet-pa\u0308hkina\u0308t-siemenet-ja-o\u0308ljyt.pdf\"><span style=\"color: #000000;\"><strong>KUIVATAVARAT,&nbsp; PASTA, S\u00c4ILYKKEET, P\u00c4HKIN\u00c4T, SIEMENET JA \u00d6LJYT<\/strong><\/span><strong><br><\/strong><span style=\"color: #0000ff;\"><strong>selaa t\u00e4st\u00e4<\/strong><\/span><\/a><\/h4>\n<h4>&nbsp;<\/h4>\n<\/div><\/div>\n\n\n\n<div style=\"height:36px\" aria-hidden=\"true\" class=\"wp-block-spacer\"><\/div>\n\n\n\n<div class=\"wp-block-media-text alignwide has-media-on-the-right is-stacked-on-mobile is-vertically-aligned-center\" style=\"grid-template-columns:auto 45%\"><figure class=\"wp-block-media-text__media\"><a href=\"https:\/\/uus.foodwin.eu\/wp-content\/uploads\/2020\/06\/Ravintolatarvikkeet.png\"><img loading=\"lazy\" decoding=\"async\" width=\"1000\" height=\"836\" src=\"https:\/\/uus.foodwin.eu\/wp-content\/uploads\/2020\/06\/Ravintolatarvikkeet.png\" alt=\"\" class=\"wp-image-619\" srcset=\"https:\/\/uus.foodwin.eu\/wp-content\/uploads\/2020\/06\/Ravintolatarvikkeet.png 1000w, https:\/\/uus.foodwin.eu\/wp-content\/uploads\/2020\/06\/Ravintolatarvikkeet-300x251.png 300w, https:\/\/uus.foodwin.eu\/wp-content\/uploads\/2020\/06\/Ravintolatarvikkeet-768x642.png 768w, https:\/\/uus.foodwin.eu\/wp-content\/uploads\/2020\/06\/Ravintolatarvikkeet-80x67.png 80w\" sizes=\"auto, (max-width: 1000px) 100vw, 1000px\" \/><\/a><\/figure><div class=\"wp-block-media-text__content\">\n<h4><a href=\"https:\/\/uus.foodwin.eu\/wp-content\/uploads\/2020\/06\/Ravintolatarvikkeet.pdf\"><strong><span style=\"color: #000000;\">RAVINTOLATARVIKKEET<br><span style=\"color: #0000ff;\">selaa t\u00e4st\u00e4<\/span><code><\/code><\/span><\/strong><\/a><\/h4>\n\n\n\n<p><\/p>\n<\/div><\/div>\n\n\n\n<p><\/p>\n","protected":false},"excerpt":{"rendered":"<p>VIHANNEKSET, HEDELM\u00c4T, YRTIT, SALAATIT JA SIENETselaa t\u00e4st\u00e4 KUORITUT JUUREKSET JA SIPULIT. PILKOTUT JA RAASTETTU JUUREKSETselaa t\u00e4st\u00e4 \u00a0 KUIVATAVARAT,&nbsp; PASTA, S\u00c4ILYKKEET, P\u00c4HKIN\u00c4T, SIEMENET JA \u00d6LJYTselaa t\u00e4st\u00e4 &nbsp; RAVINTOLATARVIKKEETselaa t\u00e4st\u00e4<\/p>\n","protected":false},"author":1,"featured_media":0,"parent":0,"menu_order":0,"comment_status":"closed","ping_status":"closed","template":"","meta":{"_monsterinsights_skip_tracking":false,"_monsterinsights_sitenote_active":false,"_monsterinsights_sitenote_note":"","_monsterinsights_sitenote_category":0,"footnotes":""},"class_list":["post-13","page","type-page","status-publish","hentry"],"yoast_head":"<!-- This site is optimized with the Yoast SEO plugin v27.3 - https:\/\/yoast.com\/product\/yoast-seo-wordpress\/ -->\n<title>TUOTTEET - Ravintolatarvikkeet ja kuljetus<\/title>\n<meta name=\"description\" content=\"Foodwin on tukkuyritys Virosta joka tarjoaa eril\u00e4isten ruoka-tuotteiden tukkumyynti. Meid\u00e4n valikoimassa on: vihannekset-hedelm\u00e4t-salaatit\" \/>\n<meta name=\"robots\" content=\"index, follow, max-snippet:-1, max-image-preview:large, max-video-preview:-1\" \/>\n<link rel=\"canonical\" href=\"https:\/\/uus.foodwin.eu\/?page_id=13\" \/>\n<meta property=\"og:locale\" content=\"en_US\" \/>\n<meta property=\"og:type\" content=\"article\" \/>\n<meta property=\"og:title\" content=\"TUOTTEET - Ravintolatarvikkeet ja kuljetus\" \/>\n<meta property=\"og:description\" content=\"Foodwin on tukkuyritys Virosta joka tarjoaa eril\u00e4isten ruoka-tuotteiden tukkumyynti. Meid\u00e4n valikoimassa on: vihannekset-hedelm\u00e4t-salaatit\" \/>\n<meta property=\"og:url\" content=\"https:\/\/uus.foodwin.eu\/?page_id=13\" \/>\n<meta property=\"og:site_name\" content=\"Ravintolatarvikkeet ja kuljetus\" \/>\n<meta property=\"article:modified_time\" content=\"2020-06-10T20:42:50+00:00\" \/>\n<meta property=\"og:image\" content=\"https:\/\/uus.foodwin.eu\/wp-content\/uploads\/2020\/06\/Vegetables-fruits-mushrooms-and-herbs..png\" \/>\n<meta name=\"twitter:card\" content=\"summary_large_image\" \/>\n<script type=\"application\/ld+json\" class=\"yoast-schema-graph\">{\"@context\":\"https:\\\/\\\/schema.org\",\"@graph\":[{\"@type\":\"WebPage\",\"@id\":\"https:\\\/\\\/uus.foodwin.eu\\\/?page_id=13\",\"url\":\"https:\\\/\\\/uus.foodwin.eu\\\/?page_id=13\",\"name\":\"TUOTTEET - Ravintolatarvikkeet ja kuljetus\",\"isPartOf\":{\"@id\":\"https:\\\/\\\/uus.foodwin.eu\\\/#website\"},\"primaryImageOfPage\":{\"@id\":\"https:\\\/\\\/uus.foodwin.eu\\\/?page_id=13#primaryimage\"},\"image\":{\"@id\":\"https:\\\/\\\/uus.foodwin.eu\\\/?page_id=13#primaryimage\"},\"thumbnailUrl\":\"https:\\\/\\\/uus.foodwin.eu\\\/wp-content\\\/uploads\\\/2020\\\/06\\\/Vegetables-fruits-mushrooms-and-herbs..png\",\"datePublished\":\"2020-05-13T13:31:38+00:00\",\"dateModified\":\"2020-06-10T20:42:50+00:00\",\"description\":\"Foodwin on tukkuyritys Virosta joka tarjoaa eril\u00e4isten ruoka-tuotteiden tukkumyynti. Meid\u00e4n valikoimassa on: vihannekset-hedelm\u00e4t-salaatit\",\"breadcrumb\":{\"@id\":\"https:\\\/\\\/uus.foodwin.eu\\\/?page_id=13#breadcrumb\"},\"inLanguage\":\"en\",\"potentialAction\":[{\"@type\":\"ReadAction\",\"target\":[\"https:\\\/\\\/uus.foodwin.eu\\\/?page_id=13\"]}]},{\"@type\":\"ImageObject\",\"inLanguage\":\"en\",\"@id\":\"https:\\\/\\\/uus.foodwin.eu\\\/?page_id=13#primaryimage\",\"url\":\"https:\\\/\\\/uus.foodwin.eu\\\/wp-content\\\/uploads\\\/2020\\\/06\\\/Vegetables-fruits-mushrooms-and-herbs..png\",\"contentUrl\":\"https:\\\/\\\/uus.foodwin.eu\\\/wp-content\\\/uploads\\\/2020\\\/06\\\/Vegetables-fruits-mushrooms-and-herbs..png\"},{\"@type\":\"BreadcrumbList\",\"@id\":\"https:\\\/\\\/uus.foodwin.eu\\\/?page_id=13#breadcrumb\",\"itemListElement\":[{\"@type\":\"ListItem\",\"position\":1,\"name\":\"Home\",\"item\":\"https:\\\/\\\/uus.foodwin.eu\\\/\"},{\"@type\":\"ListItem\",\"position\":2,\"name\":\"TUOTTEET\"}]},{\"@type\":\"WebSite\",\"@id\":\"https:\\\/\\\/uus.foodwin.eu\\\/#website\",\"url\":\"https:\\\/\\\/uus.foodwin.eu\\\/\",\"name\":\"Ravintolatarvikkeet ja kuljetus\",\"description\":\"\",\"publisher\":{\"@id\":\"https:\\\/\\\/uus.foodwin.eu\\\/#organization\"},\"potentialAction\":[{\"@type\":\"SearchAction\",\"target\":{\"@type\":\"EntryPoint\",\"urlTemplate\":\"https:\\\/\\\/uus.foodwin.eu\\\/?s={search_term_string}\"},\"query-input\":{\"@type\":\"PropertyValueSpecification\",\"valueRequired\":true,\"valueName\":\"search_term_string\"}}],\"inLanguage\":\"en\"},{\"@type\":\"Organization\",\"@id\":\"https:\\\/\\\/uus.foodwin.eu\\\/#organization\",\"name\":\"Ravintolatarvikkeet ja kuljetus\",\"url\":\"https:\\\/\\\/uus.foodwin.eu\\\/\",\"logo\":{\"@type\":\"ImageObject\",\"inLanguage\":\"en\",\"@id\":\"https:\\\/\\\/uus.foodwin.eu\\\/#\\\/schema\\\/logo\\\/image\\\/\",\"url\":\"https:\\\/\\\/uus.foodwin.eu\\\/wp-content\\\/uploads\\\/2020\\\/06\\\/Untitled-2.jpg\",\"contentUrl\":\"https:\\\/\\\/uus.foodwin.eu\\\/wp-content\\\/uploads\\\/2020\\\/06\\\/Untitled-2.jpg\",\"width\":1700,\"height\":250,\"caption\":\"Ravintolatarvikkeet ja kuljetus\"},\"image\":{\"@id\":\"https:\\\/\\\/uus.foodwin.eu\\\/#\\\/schema\\\/logo\\\/image\\\/\"}}]}<\/script>\n<!-- \/ Yoast SEO plugin. -->","yoast_head_json":{"title":"TUOTTEET - Ravintolatarvikkeet ja kuljetus","description":"Foodwin on tukkuyritys Virosta joka tarjoaa eril\u00e4isten ruoka-tuotteiden tukkumyynti. Meid\u00e4n valikoimassa on: vihannekset-hedelm\u00e4t-salaatit","robots":{"index":"index","follow":"follow","max-snippet":"max-snippet:-1","max-image-preview":"max-image-preview:large","max-video-preview":"max-video-preview:-1"},"canonical":"https:\/\/uus.foodwin.eu\/?page_id=13","og_locale":"en_US","og_type":"article","og_title":"TUOTTEET - Ravintolatarvikkeet ja kuljetus","og_description":"Foodwin on tukkuyritys Virosta joka tarjoaa eril\u00e4isten ruoka-tuotteiden tukkumyynti. Meid\u00e4n valikoimassa on: vihannekset-hedelm\u00e4t-salaatit","og_url":"https:\/\/uus.foodwin.eu\/?page_id=13","og_site_name":"Ravintolatarvikkeet ja kuljetus","article_modified_time":"2020-06-10T20:42:50+00:00","og_image":[{"url":"https:\/\/uus.foodwin.eu\/wp-content\/uploads\/2020\/06\/Vegetables-fruits-mushrooms-and-herbs..png","type":"","width":"","height":""}],"twitter_card":"summary_large_image","schema":{"@context":"https:\/\/schema.org","@graph":[{"@type":"WebPage","@id":"https:\/\/uus.foodwin.eu\/?page_id=13","url":"https:\/\/uus.foodwin.eu\/?page_id=13","name":"TUOTTEET - Ravintolatarvikkeet ja kuljetus","isPartOf":{"@id":"https:\/\/uus.foodwin.eu\/#website"},"primaryImageOfPage":{"@id":"https:\/\/uus.foodwin.eu\/?page_id=13#primaryimage"},"image":{"@id":"https:\/\/uus.foodwin.eu\/?page_id=13#primaryimage"},"thumbnailUrl":"https:\/\/uus.foodwin.eu\/wp-content\/uploads\/2020\/06\/Vegetables-fruits-mushrooms-and-herbs..png","datePublished":"2020-05-13T13:31:38+00:00","dateModified":"2020-06-10T20:42:50+00:00","description":"Foodwin on tukkuyritys Virosta joka tarjoaa eril\u00e4isten ruoka-tuotteiden tukkumyynti. Meid\u00e4n valikoimassa on: vihannekset-hedelm\u00e4t-salaatit","breadcrumb":{"@id":"https:\/\/uus.foodwin.eu\/?page_id=13#breadcrumb"},"inLanguage":"en","potentialAction":[{"@type":"ReadAction","target":["https:\/\/uus.foodwin.eu\/?page_id=13"]}]},{"@type":"ImageObject","inLanguage":"en","@id":"https:\/\/uus.foodwin.eu\/?page_id=13#primaryimage","url":"https:\/\/uus.foodwin.eu\/wp-content\/uploads\/2020\/06\/Vegetables-fruits-mushrooms-and-herbs..png","contentUrl":"https:\/\/uus.foodwin.eu\/wp-content\/uploads\/2020\/06\/Vegetables-fruits-mushrooms-and-herbs..png"},{"@type":"BreadcrumbList","@id":"https:\/\/uus.foodwin.eu\/?page_id=13#breadcrumb","itemListElement":[{"@type":"ListItem","position":1,"name":"Home","item":"https:\/\/uus.foodwin.eu\/"},{"@type":"ListItem","position":2,"name":"TUOTTEET"}]},{"@type":"WebSite","@id":"https:\/\/uus.foodwin.eu\/#website","url":"https:\/\/uus.foodwin.eu\/","name":"Ravintolatarvikkeet ja kuljetus","description":"","publisher":{"@id":"https:\/\/uus.foodwin.eu\/#organization"},"potentialAction":[{"@type":"SearchAction","target":{"@type":"EntryPoint","urlTemplate":"https:\/\/uus.foodwin.eu\/?s={search_term_string}"},"query-input":{"@type":"PropertyValueSpecification","valueRequired":true,"valueName":"search_term_string"}}],"inLanguage":"en"},{"@type":"Organization","@id":"https:\/\/uus.foodwin.eu\/#organization","name":"Ravintolatarvikkeet ja kuljetus","url":"https:\/\/uus.foodwin.eu\/","logo":{"@type":"ImageObject","inLanguage":"en","@id":"https:\/\/uus.foodwin.eu\/#\/schema\/logo\/image\/","url":"https:\/\/uus.foodwin.eu\/wp-content\/uploads\/2020\/06\/Untitled-2.jpg","contentUrl":"https:\/\/uus.foodwin.eu\/wp-content\/uploads\/2020\/06\/Untitled-2.jpg","width":1700,"height":250,"caption":"Ravintolatarvikkeet ja kuljetus"},"image":{"@id":"https:\/\/uus.foodwin.eu\/#\/schema\/logo\/image\/"}}]}},"_links":{"self":[{"href":"https:\/\/uus.foodwin.eu\/index.php?rest_route=\/wp\/v2\/pages\/13","targetHints":{"allow":["GET"]}}],"collection":[{"href":"https:\/\/uus.foodwin.eu\/index.php?rest_route=\/wp\/v2\/pages"}],"about":[{"href":"https:\/\/uus.foodwin.eu\/index.php?rest_route=\/wp\/v2\/types\/page"}],"author":[{"embeddable":true,"href":"https:\/\/uus.foodwin.eu\/index.php?rest_route=\/wp\/v2\/users\/1"}],"replies":[{"embeddable":true,"href":"https:\/\/uus.foodwin.eu\/index.php?rest_route=%2Fwp%2Fv2%2Fcomments&post=13"}],"version-history":[{"count":48,"href":"https:\/\/uus.foodwin.eu\/index.php?rest_route=\/wp\/v2\/pages\/13\/revisions"}],"predecessor-version":[{"id":723,"href":"https:\/\/uus.foodwin.eu\/index.php?rest_route=\/wp\/v2\/pages\/13\/revisions\/723"}],"wp:attachment":[{"href":"https:\/\/uus.foodwin.eu\/index.php?rest_route=%2Fwp%2Fv2%2Fmedia&parent=13"}],"curies":[{"name":"wp","href":"https:\/\/api.w.org\/{rel}","templated":true}]}}