{"id":121,"date":"2020-05-13T20:12:37","date_gmt":"2020-05-13T20:12:37","guid":{"rendered":"https:\/\/uus.foodwin.eu\/?page_id=121"},"modified":"2020-06-10T14:49:05","modified_gmt":"2020-06-10T14:49:05","slug":"tooted","status":"publish","type":"page","link":"https:\/\/uus.foodwin.eu\/?page_id=121&lang=et","title":{"rendered":"TOOTED"},"content":{"rendered":"\n<div class=\"wp-block-media-text alignwide has-media-on-the-right is-stacked-on-mobile is-vertically-aligned-center\" style=\"grid-template-columns:auto 46%\"><figure class=\"wp-block-media-text__media\"><a href=\"https:\/\/uus.foodwin.eu\/wp-content\/uploads\/2020\/06\/Puu-ja-juurviljad-salatid-ja-seened..png\"><img loading=\"lazy\" decoding=\"async\" width=\"1000\" height=\"839\" src=\"https:\/\/uus.foodwin.eu\/wp-content\/uploads\/2020\/06\/Puu-ja-juurviljad-salatid-ja-seened..png\" alt=\"\" class=\"wp-image-689\" srcset=\"https:\/\/uus.foodwin.eu\/wp-content\/uploads\/2020\/06\/Puu-ja-juurviljad-salatid-ja-seened..png 1000w, https:\/\/uus.foodwin.eu\/wp-content\/uploads\/2020\/06\/Puu-ja-juurviljad-salatid-ja-seened.-300x252.png 300w, https:\/\/uus.foodwin.eu\/wp-content\/uploads\/2020\/06\/Puu-ja-juurviljad-salatid-ja-seened.-768x644.png 768w, https:\/\/uus.foodwin.eu\/wp-content\/uploads\/2020\/06\/Puu-ja-juurviljad-salatid-ja-seened.-80x67.png 80w\" sizes=\"auto, (max-width: 1000px) 100vw, 1000px\" \/><\/a><\/figure><div class=\"wp-block-media-text__content\">\n<h4><strong><span style=\"color: #000000;\">PUU- JA JUURVILJAD, SALATID JA SEENED<\/span><\/strong><\/h4>\n\n\n\n<p><\/p>\n<\/div><\/div>\n\n\n\n<div style=\"height:35px\" aria-hidden=\"true\" class=\"wp-block-spacer\"><\/div>\n\n\n\n<div class=\"wp-block-media-text alignwide has-media-on-the-right is-stacked-on-mobile is-vertically-aligned-center\" style=\"grid-template-columns:auto 46%\"><figure class=\"wp-block-media-text__media\"><a href=\"https:\/\/uus.foodwin.eu\/wp-content\/uploads\/2020\/06\/To\u0308o\u0308deldud-juurviljad.png\"><img loading=\"lazy\" decoding=\"async\" width=\"1000\" height=\"839\" src=\"https:\/\/uus.foodwin.eu\/wp-content\/uploads\/2020\/06\/To\u0308o\u0308deldud-juurviljad.png\" alt=\"\" class=\"wp-image-666\" srcset=\"https:\/\/uus.foodwin.eu\/wp-content\/uploads\/2020\/06\/To\u0308o\u0308deldud-juurviljad.png 1000w, https:\/\/uus.foodwin.eu\/wp-content\/uploads\/2020\/06\/To\u0308o\u0308deldud-juurviljad-300x252.png 300w, https:\/\/uus.foodwin.eu\/wp-content\/uploads\/2020\/06\/To\u0308o\u0308deldud-juurviljad-768x644.png 768w, https:\/\/uus.foodwin.eu\/wp-content\/uploads\/2020\/06\/To\u0308o\u0308deldud-juurviljad-80x67.png 80w\" sizes=\"auto, (max-width: 1000px) 100vw, 1000px\" \/><\/a><\/figure><div class=\"wp-block-media-text__content\">\n<p><\/p>\n\n\n\n<h4><strong>T\u00d6\u00d6DELDUD JUURVILJAD <\/strong><\/h4>\n\n\n\n<p><\/p>\n<\/div><\/div>\n\n\n\n<div style=\"height:35px\" aria-hidden=\"true\" class=\"wp-block-spacer\"><\/div>\n\n\n\n<div class=\"wp-block-media-text alignwide has-media-on-the-right is-stacked-on-mobile is-vertically-aligned-center\" style=\"grid-template-columns:auto 46%\"><figure class=\"wp-block-media-text__media\"><a href=\"https:\/\/uus.foodwin.eu\/wp-content\/uploads\/2020\/06\/Kuivained-Kkonservid-seemned-pa\u0308hklid-pasta-ja-o\u0303lid-.png\"><img loading=\"lazy\" decoding=\"async\" width=\"1000\" height=\"836\" src=\"https:\/\/uus.foodwin.eu\/wp-content\/uploads\/2020\/06\/Kuivained-Kkonservid-seemned-pa\u0308hklid-pasta-ja-o\u0303lid-.png\" alt=\"\" class=\"wp-image-667\" srcset=\"https:\/\/uus.foodwin.eu\/wp-content\/uploads\/2020\/06\/Kuivained-Kkonservid-seemned-pa\u0308hklid-pasta-ja-o\u0303lid-.png 1000w, https:\/\/uus.foodwin.eu\/wp-content\/uploads\/2020\/06\/Kuivained-Kkonservid-seemned-pa\u0308hklid-pasta-ja-o\u0303lid--300x251.png 300w, https:\/\/uus.foodwin.eu\/wp-content\/uploads\/2020\/06\/Kuivained-Kkonservid-seemned-pa\u0308hklid-pasta-ja-o\u0303lid--768x642.png 768w, https:\/\/uus.foodwin.eu\/wp-content\/uploads\/2020\/06\/Kuivained-Kkonservid-seemned-pa\u0308hklid-pasta-ja-o\u0303lid--80x67.png 80w\" sizes=\"auto, (max-width: 1000px) 100vw, 1000px\" \/><\/a><\/figure><div class=\"wp-block-media-text__content\">\n<h4><strong>KUIVAINED, KONSERVID, SEEMNED, P\u00c4HKLID, \u00d5LID JA PASTA <\/strong><\/h4>\n\n\n\n<p><\/p>\n<\/div><\/div>\n\n\n\n<div style=\"height:35px\" aria-hidden=\"true\" class=\"wp-block-spacer\"><\/div>\n\n\n\n<div class=\"wp-block-media-text alignwide has-media-on-the-right is-stacked-on-mobile is-vertically-aligned-center\" style=\"grid-template-columns:auto 46%\"><figure class=\"wp-block-media-text__media\"><a href=\"https:\/\/uus.foodwin.eu\/wp-content\/uploads\/2020\/06\/Restorani-tarvikud..png\"><img loading=\"lazy\" decoding=\"async\" width=\"1000\" height=\"836\" src=\"https:\/\/uus.foodwin.eu\/wp-content\/uploads\/2020\/06\/Restorani-tarvikud..png\" alt=\"\" class=\"wp-image-677\" srcset=\"https:\/\/uus.foodwin.eu\/wp-content\/uploads\/2020\/06\/Restorani-tarvikud..png 1000w, https:\/\/uus.foodwin.eu\/wp-content\/uploads\/2020\/06\/Restorani-tarvikud.-300x251.png 300w, https:\/\/uus.foodwin.eu\/wp-content\/uploads\/2020\/06\/Restorani-tarvikud.-768x642.png 768w, https:\/\/uus.foodwin.eu\/wp-content\/uploads\/2020\/06\/Restorani-tarvikud.-80x67.png 80w\" sizes=\"auto, (max-width: 1000px) 100vw, 1000px\" \/><\/a><\/figure><div class=\"wp-block-media-text__content\">\n<h4><strong>RESTORANI TARVIKUD<\/strong><\/h4>\n<\/div><\/div>\n","protected":false},"excerpt":{"rendered":"<p>PUU- JA JUURVILJAD, SALATID JA SEENED T\u00d6\u00d6DELDUD JUURVILJAD KUIVAINED, KONSERVID, SEEMNED, P\u00c4HKLID, \u00d5LID JA PASTA RESTORANI TARVIKUD<\/p>\n","protected":false},"author":1,"featured_media":0,"parent":0,"menu_order":0,"comment_status":"closed","ping_status":"closed","template":"","meta":{"_monsterinsights_skip_tracking":false,"_monsterinsights_sitenote_active":false,"_monsterinsights_sitenote_note":"","_monsterinsights_sitenote_category":0,"footnotes":""},"class_list":["post-121","page","type-page","status-publish","hentry"],"yoast_head":"<!-- This site is optimized with the Yoast SEO plugin v27.3 - https:\/\/yoast.com\/product\/yoast-seo-wordpress\/ -->\n<title>TOOTED - Ravintolatarvikkeet ja kuljetus<\/title>\n<meta name=\"robots\" content=\"index, follow, max-snippet:-1, max-image-preview:large, max-video-preview:-1\" \/>\n<link rel=\"canonical\" href=\"https:\/\/uus.foodwin.eu\/?page_id=121&lang=et\" \/>\n<meta property=\"og:locale\" content=\"en_US\" \/>\n<meta property=\"og:type\" content=\"article\" \/>\n<meta property=\"og:title\" content=\"TOOTED - Ravintolatarvikkeet ja kuljetus\" \/>\n<meta property=\"og:description\" content=\"PUU- JA JUURVILJAD, SALATID JA SEENED T\u00d6\u00d6DELDUD JUURVILJAD KUIVAINED, KONSERVID, SEEMNED, P\u00c4HKLID, \u00d5LID JA PASTA RESTORANI TARVIKUD\" \/>\n<meta property=\"og:url\" content=\"https:\/\/uus.foodwin.eu\/?page_id=121&amp;lang=et\" \/>\n<meta property=\"og:site_name\" content=\"Ravintolatarvikkeet ja kuljetus\" \/>\n<meta property=\"article:modified_time\" content=\"2020-06-10T14:49:05+00:00\" \/>\n<meta property=\"og:image\" content=\"https:\/\/uus.foodwin.eu\/wp-content\/uploads\/2020\/06\/Puu-ja-juurviljad-salatid-ja-seened..png\" \/>\n<meta name=\"twitter:card\" content=\"summary_large_image\" \/>\n<script type=\"application\/ld+json\" class=\"yoast-schema-graph\">{\"@context\":\"https:\\\/\\\/schema.org\",\"@graph\":[{\"@type\":\"WebPage\",\"@id\":\"https:\\\/\\\/uus.foodwin.eu\\\/?page_id=121&lang=et\",\"url\":\"https:\\\/\\\/uus.foodwin.eu\\\/?page_id=121&lang=et\",\"name\":\"TOOTED - Ravintolatarvikkeet ja kuljetus\",\"isPartOf\":{\"@id\":\"https:\\\/\\\/uus.foodwin.eu\\\/#website\"},\"primaryImageOfPage\":{\"@id\":\"https:\\\/\\\/uus.foodwin.eu\\\/?page_id=121&lang=et#primaryimage\"},\"image\":{\"@id\":\"https:\\\/\\\/uus.foodwin.eu\\\/?page_id=121&lang=et#primaryimage\"},\"thumbnailUrl\":\"https:\\\/\\\/uus.foodwin.eu\\\/wp-content\\\/uploads\\\/2020\\\/06\\\/Puu-ja-juurviljad-salatid-ja-seened..png\",\"datePublished\":\"2020-05-13T20:12:37+00:00\",\"dateModified\":\"2020-06-10T14:49:05+00:00\",\"breadcrumb\":{\"@id\":\"https:\\\/\\\/uus.foodwin.eu\\\/?page_id=121&lang=et#breadcrumb\"},\"inLanguage\":\"en\",\"potentialAction\":[{\"@type\":\"ReadAction\",\"target\":[\"https:\\\/\\\/uus.foodwin.eu\\\/?page_id=121&lang=et\"]}]},{\"@type\":\"ImageObject\",\"inLanguage\":\"en\",\"@id\":\"https:\\\/\\\/uus.foodwin.eu\\\/?page_id=121&lang=et#primaryimage\",\"url\":\"https:\\\/\\\/uus.foodwin.eu\\\/wp-content\\\/uploads\\\/2020\\\/06\\\/Puu-ja-juurviljad-salatid-ja-seened..png\",\"contentUrl\":\"https:\\\/\\\/uus.foodwin.eu\\\/wp-content\\\/uploads\\\/2020\\\/06\\\/Puu-ja-juurviljad-salatid-ja-seened..png\"},{\"@type\":\"BreadcrumbList\",\"@id\":\"https:\\\/\\\/uus.foodwin.eu\\\/?page_id=121&lang=et#breadcrumb\",\"itemListElement\":[{\"@type\":\"ListItem\",\"position\":1,\"name\":\"Home\",\"item\":\"https:\\\/\\\/uus.foodwin.eu\\\/\"},{\"@type\":\"ListItem\",\"position\":2,\"name\":\"TOOTED\"}]},{\"@type\":\"WebSite\",\"@id\":\"https:\\\/\\\/uus.foodwin.eu\\\/#website\",\"url\":\"https:\\\/\\\/uus.foodwin.eu\\\/\",\"name\":\"Ravintolatarvikkeet ja kuljetus\",\"description\":\"\",\"publisher\":{\"@id\":\"https:\\\/\\\/uus.foodwin.eu\\\/#organization\"},\"potentialAction\":[{\"@type\":\"SearchAction\",\"target\":{\"@type\":\"EntryPoint\",\"urlTemplate\":\"https:\\\/\\\/uus.foodwin.eu\\\/?s={search_term_string}\"},\"query-input\":{\"@type\":\"PropertyValueSpecification\",\"valueRequired\":true,\"valueName\":\"search_term_string\"}}],\"inLanguage\":\"en\"},{\"@type\":\"Organization\",\"@id\":\"https:\\\/\\\/uus.foodwin.eu\\\/#organization\",\"name\":\"Ravintolatarvikkeet ja kuljetus\",\"url\":\"https:\\\/\\\/uus.foodwin.eu\\\/\",\"logo\":{\"@type\":\"ImageObject\",\"inLanguage\":\"en\",\"@id\":\"https:\\\/\\\/uus.foodwin.eu\\\/#\\\/schema\\\/logo\\\/image\\\/\",\"url\":\"https:\\\/\\\/uus.foodwin.eu\\\/wp-content\\\/uploads\\\/2020\\\/06\\\/Untitled-2.jpg\",\"contentUrl\":\"https:\\\/\\\/uus.foodwin.eu\\\/wp-content\\\/uploads\\\/2020\\\/06\\\/Untitled-2.jpg\",\"width\":1700,\"height\":250,\"caption\":\"Ravintolatarvikkeet ja kuljetus\"},\"image\":{\"@id\":\"https:\\\/\\\/uus.foodwin.eu\\\/#\\\/schema\\\/logo\\\/image\\\/\"}}]}<\/script>\n<!-- \/ Yoast SEO plugin. -->","yoast_head_json":{"title":"TOOTED - Ravintolatarvikkeet ja kuljetus","robots":{"index":"index","follow":"follow","max-snippet":"max-snippet:-1","max-image-preview":"max-image-preview:large","max-video-preview":"max-video-preview:-1"},"canonical":"https:\/\/uus.foodwin.eu\/?page_id=121&lang=et","og_locale":"en_US","og_type":"article","og_title":"TOOTED - Ravintolatarvikkeet ja kuljetus","og_description":"PUU- JA JUURVILJAD, SALATID JA SEENED T\u00d6\u00d6DELDUD JUURVILJAD KUIVAINED, KONSERVID, SEEMNED, P\u00c4HKLID, \u00d5LID JA PASTA RESTORANI TARVIKUD","og_url":"https:\/\/uus.foodwin.eu\/?page_id=121&lang=et","og_site_name":"Ravintolatarvikkeet ja kuljetus","article_modified_time":"2020-06-10T14:49:05+00:00","og_image":[{"url":"https:\/\/uus.foodwin.eu\/wp-content\/uploads\/2020\/06\/Puu-ja-juurviljad-salatid-ja-seened..png","type":"","width":"","height":""}],"twitter_card":"summary_large_image","schema":{"@context":"https:\/\/schema.org","@graph":[{"@type":"WebPage","@id":"https:\/\/uus.foodwin.eu\/?page_id=121&lang=et","url":"https:\/\/uus.foodwin.eu\/?page_id=121&lang=et","name":"TOOTED - Ravintolatarvikkeet ja kuljetus","isPartOf":{"@id":"https:\/\/uus.foodwin.eu\/#website"},"primaryImageOfPage":{"@id":"https:\/\/uus.foodwin.eu\/?page_id=121&lang=et#primaryimage"},"image":{"@id":"https:\/\/uus.foodwin.eu\/?page_id=121&lang=et#primaryimage"},"thumbnailUrl":"https:\/\/uus.foodwin.eu\/wp-content\/uploads\/2020\/06\/Puu-ja-juurviljad-salatid-ja-seened..png","datePublished":"2020-05-13T20:12:37+00:00","dateModified":"2020-06-10T14:49:05+00:00","breadcrumb":{"@id":"https:\/\/uus.foodwin.eu\/?page_id=121&lang=et#breadcrumb"},"inLanguage":"en","potentialAction":[{"@type":"ReadAction","target":["https:\/\/uus.foodwin.eu\/?page_id=121&lang=et"]}]},{"@type":"ImageObject","inLanguage":"en","@id":"https:\/\/uus.foodwin.eu\/?page_id=121&lang=et#primaryimage","url":"https:\/\/uus.foodwin.eu\/wp-content\/uploads\/2020\/06\/Puu-ja-juurviljad-salatid-ja-seened..png","contentUrl":"https:\/\/uus.foodwin.eu\/wp-content\/uploads\/2020\/06\/Puu-ja-juurviljad-salatid-ja-seened..png"},{"@type":"BreadcrumbList","@id":"https:\/\/uus.foodwin.eu\/?page_id=121&lang=et#breadcrumb","itemListElement":[{"@type":"ListItem","position":1,"name":"Home","item":"https:\/\/uus.foodwin.eu\/"},{"@type":"ListItem","position":2,"name":"TOOTED"}]},{"@type":"WebSite","@id":"https:\/\/uus.foodwin.eu\/#website","url":"https:\/\/uus.foodwin.eu\/","name":"Ravintolatarvikkeet ja kuljetus","description":"","publisher":{"@id":"https:\/\/uus.foodwin.eu\/#organization"},"potentialAction":[{"@type":"SearchAction","target":{"@type":"EntryPoint","urlTemplate":"https:\/\/uus.foodwin.eu\/?s={search_term_string}"},"query-input":{"@type":"PropertyValueSpecification","valueRequired":true,"valueName":"search_term_string"}}],"inLanguage":"en"},{"@type":"Organization","@id":"https:\/\/uus.foodwin.eu\/#organization","name":"Ravintolatarvikkeet ja kuljetus","url":"https:\/\/uus.foodwin.eu\/","logo":{"@type":"ImageObject","inLanguage":"en","@id":"https:\/\/uus.foodwin.eu\/#\/schema\/logo\/image\/","url":"https:\/\/uus.foodwin.eu\/wp-content\/uploads\/2020\/06\/Untitled-2.jpg","contentUrl":"https:\/\/uus.foodwin.eu\/wp-content\/uploads\/2020\/06\/Untitled-2.jpg","width":1700,"height":250,"caption":"Ravintolatarvikkeet ja kuljetus"},"image":{"@id":"https:\/\/uus.foodwin.eu\/#\/schema\/logo\/image\/"}}]}},"_links":{"self":[{"href":"https:\/\/uus.foodwin.eu\/index.php?rest_route=\/wp\/v2\/pages\/121","targetHints":{"allow":["GET"]}}],"collection":[{"href":"https:\/\/uus.foodwin.eu\/index.php?rest_route=\/wp\/v2\/pages"}],"about":[{"href":"https:\/\/uus.foodwin.eu\/index.php?rest_route=\/wp\/v2\/types\/page"}],"author":[{"embeddable":true,"href":"https:\/\/uus.foodwin.eu\/index.php?rest_route=\/wp\/v2\/users\/1"}],"replies":[{"embeddable":true,"href":"https:\/\/uus.foodwin.eu\/index.php?rest_route=%2Fwp%2Fv2%2Fcomments&post=121"}],"version-history":[{"count":26,"href":"https:\/\/uus.foodwin.eu\/index.php?rest_route=\/wp\/v2\/pages\/121\/revisions"}],"predecessor-version":[{"id":690,"href":"https:\/\/uus.foodwin.eu\/index.php?rest_route=\/wp\/v2\/pages\/121\/revisions\/690"}],"wp:attachment":[{"href":"https:\/\/uus.foodwin.eu\/index.php?rest_route=%2Fwp%2Fv2%2Fmedia&parent=121"}],"curies":[{"name":"wp","href":"https:\/\/api.w.org\/{rel}","templated":true}]}}